{"id":4259,"date":"2022-09-12T10:31:48","date_gmt":"2022-09-12T08:31:48","guid":{"rendered":"https:\/\/regala.massola.com\/?post_type=product&#038;p=4259"},"modified":"2025-11-10T16:16:03","modified_gmt":"2025-11-10T14:16:03","slug":"mas-sola-day","status":"publish","type":"product","link":"https:\/\/regala.massola.com\/ca\/producto\/mas-sola-day\/","title":{"rendered":"Mas Sol\u00e0 Day"},"content":{"rendered":"","protected":false},"excerpt":{"rendered":"<div class=\"descLarga\">\n<ul class=\"list-unstyled\">\n<li>1 Massatge 25min.<\/li>\n<li>1h Spa<\/li>\n<li>1 Men\u00fa Farners (inclou aigua i vi de la casa).<\/li>\n<\/ul>\n<p>*preu per persona<\/p>\n<\/div>\n","protected":false},"featured_media":4261,"comment_status":"closed","ping_status":"closed","template":"","meta":[],"product_cat":[48,66],"product_tag":[],"class_list":["post-4259","product","type-product","status-publish","has-post-thumbnail","hentry","product_cat-experiencies-completes","product_cat-sense-allotjament"],"yoast_head":"<!-- This site is optimized with the Yoast SEO plugin v24.9 - https:\/\/yoast.com\/wordpress\/plugins\/seo\/ -->\n<title>Mas Sol\u00e0 Day - Regala Mas Sol\u00e0<\/title>\n<meta name=\"robots\" content=\"index, follow, max-snippet:-1, max-image-preview:large, max-video-preview:-1\" \/>\n<link rel=\"canonical\" href=\"https:\/\/regala.massola.com\/ca\/producto\/mas-sola-day\/\" \/>\n<meta property=\"og:locale\" content=\"ca_ES\" \/>\n<meta property=\"og:type\" content=\"article\" \/>\n<meta property=\"og:title\" content=\"Mas Sol\u00e0 Day - Regala Mas Sol\u00e0\" \/>\n<meta property=\"og:description\" content=\"1 Massatge 25min.  1h Spa  1 Men\u00fa Farners (inclou aigua i vi de la casa).  *preu per persona\" \/>\n<meta property=\"og:url\" content=\"https:\/\/regala.massola.com\/ca\/producto\/mas-sola-day\/\" \/>\n<meta property=\"og:site_name\" content=\"Regala Mas Sol\u00e0\" \/>\n<meta property=\"article:modified_time\" content=\"2025-11-10T14:16:03+00:00\" \/>\n<meta property=\"og:image\" content=\"https:\/\/regala.massola.com\/wp-content\/uploads\/2022\/09\/Masia-Menjador-vidres-scaled.jpg\" \/>\n\t<meta property=\"og:image:width\" content=\"2560\" \/>\n\t<meta property=\"og:image:height\" content=\"1707\" \/>\n\t<meta property=\"og:image:type\" content=\"image\/jpeg\" \/>\n<meta name=\"twitter:card\" content=\"summary_large_image\" \/>\n<meta name=\"twitter:label1\" content=\"Temps estimat de lectura\" \/>\n\t<meta name=\"twitter:data1\" content=\"1 minut\" \/>\n<script type=\"application\/ld+json\" class=\"yoast-schema-graph\">{\"@context\":\"https:\/\/schema.org\",\"@graph\":[{\"@type\":\"WebPage\",\"@id\":\"https:\/\/regala.massola.com\/ca\/producto\/mas-sola-day\/\",\"url\":\"https:\/\/regala.massola.com\/ca\/producto\/mas-sola-day\/\",\"name\":\"Mas Sol\u00e0 Day - Regala Mas Sol\u00e0\",\"isPartOf\":{\"@id\":\"https:\/\/regala.massola.com\/#website\"},\"primaryImageOfPage\":{\"@id\":\"https:\/\/regala.massola.com\/ca\/producto\/mas-sola-day\/#primaryimage\"},\"image\":{\"@id\":\"https:\/\/regala.massola.com\/ca\/producto\/mas-sola-day\/#primaryimage\"},\"thumbnailUrl\":\"https:\/\/regala.massola.com\/wp-content\/uploads\/2022\/09\/Masia-Menjador-vidres-scaled.jpg\",\"datePublished\":\"2022-09-12T08:31:48+00:00\",\"dateModified\":\"2025-11-10T14:16:03+00:00\",\"breadcrumb\":{\"@id\":\"https:\/\/regala.massola.com\/ca\/producto\/mas-sola-day\/#breadcrumb\"},\"inLanguage\":\"ca\",\"potentialAction\":[{\"@type\":\"ReadAction\",\"target\":[\"https:\/\/regala.massola.com\/ca\/producto\/mas-sola-day\/\"]}]},{\"@type\":\"ImageObject\",\"inLanguage\":\"ca\",\"@id\":\"https:\/\/regala.massola.com\/ca\/producto\/mas-sola-day\/#primaryimage\",\"url\":\"https:\/\/regala.massola.com\/wp-content\/uploads\/2022\/09\/Masia-Menjador-vidres-scaled.jpg\",\"contentUrl\":\"https:\/\/regala.massola.com\/wp-content\/uploads\/2022\/09\/Masia-Menjador-vidres-scaled.jpg\",\"width\":2560,\"height\":1707},{\"@type\":\"BreadcrumbList\",\"@id\":\"https:\/\/regala.massola.com\/ca\/producto\/mas-sola-day\/#breadcrumb\",\"itemListElement\":[{\"@type\":\"ListItem\",\"position\":1,\"name\":\"Portada\",\"item\":\"https:\/\/regala.massola.com\/ca\/\"},{\"@type\":\"ListItem\",\"position\":2,\"name\":\"Shop\",\"item\":\"https:\/\/regala.massola.com\/ca\/shop\/\"},{\"@type\":\"ListItem\",\"position\":3,\"name\":\"Mas Sol\u00e0 Day\"}]},{\"@type\":\"WebSite\",\"@id\":\"https:\/\/regala.massola.com\/#website\",\"url\":\"https:\/\/regala.massola.com\/\",\"name\":\"Regala Mas Sol\u00e0\",\"description\":\"Regala una de nuestras experiencias\",\"potentialAction\":[{\"@type\":\"SearchAction\",\"target\":{\"@type\":\"EntryPoint\",\"urlTemplate\":\"https:\/\/regala.massola.com\/?s={search_term_string}\"},\"query-input\":{\"@type\":\"PropertyValueSpecification\",\"valueRequired\":true,\"valueName\":\"search_term_string\"}}],\"inLanguage\":\"ca\"}]}<\/script>\n<!-- \/ Yoast SEO plugin. -->","yoast_head_json":{"title":"Mas Sol\u00e0 Day - Regala Mas Sol\u00e0","robots":{"index":"index","follow":"follow","max-snippet":"max-snippet:-1","max-image-preview":"max-image-preview:large","max-video-preview":"max-video-preview:-1"},"canonical":"https:\/\/regala.massola.com\/ca\/producto\/mas-sola-day\/","og_locale":"ca_ES","og_type":"article","og_title":"Mas Sol\u00e0 Day - Regala Mas Sol\u00e0","og_description":"1 Massatge 25min.  1h Spa  1 Men\u00fa Farners (inclou aigua i vi de la casa).  *preu per persona","og_url":"https:\/\/regala.massola.com\/ca\/producto\/mas-sola-day\/","og_site_name":"Regala Mas Sol\u00e0","article_modified_time":"2025-11-10T14:16:03+00:00","og_image":[{"width":2560,"height":1707,"url":"https:\/\/regala.massola.com\/wp-content\/uploads\/2022\/09\/Masia-Menjador-vidres-scaled.jpg","type":"image\/jpeg"}],"twitter_card":"summary_large_image","twitter_misc":{"Temps estimat de lectura":"1 minut"},"schema":{"@context":"https:\/\/schema.org","@graph":[{"@type":"WebPage","@id":"https:\/\/regala.massola.com\/ca\/producto\/mas-sola-day\/","url":"https:\/\/regala.massola.com\/ca\/producto\/mas-sola-day\/","name":"Mas Sol\u00e0 Day - Regala Mas Sol\u00e0","isPartOf":{"@id":"https:\/\/regala.massola.com\/#website"},"primaryImageOfPage":{"@id":"https:\/\/regala.massola.com\/ca\/producto\/mas-sola-day\/#primaryimage"},"image":{"@id":"https:\/\/regala.massola.com\/ca\/producto\/mas-sola-day\/#primaryimage"},"thumbnailUrl":"https:\/\/regala.massola.com\/wp-content\/uploads\/2022\/09\/Masia-Menjador-vidres-scaled.jpg","datePublished":"2022-09-12T08:31:48+00:00","dateModified":"2025-11-10T14:16:03+00:00","breadcrumb":{"@id":"https:\/\/regala.massola.com\/ca\/producto\/mas-sola-day\/#breadcrumb"},"inLanguage":"ca","potentialAction":[{"@type":"ReadAction","target":["https:\/\/regala.massola.com\/ca\/producto\/mas-sola-day\/"]}]},{"@type":"ImageObject","inLanguage":"ca","@id":"https:\/\/regala.massola.com\/ca\/producto\/mas-sola-day\/#primaryimage","url":"https:\/\/regala.massola.com\/wp-content\/uploads\/2022\/09\/Masia-Menjador-vidres-scaled.jpg","contentUrl":"https:\/\/regala.massola.com\/wp-content\/uploads\/2022\/09\/Masia-Menjador-vidres-scaled.jpg","width":2560,"height":1707},{"@type":"BreadcrumbList","@id":"https:\/\/regala.massola.com\/ca\/producto\/mas-sola-day\/#breadcrumb","itemListElement":[{"@type":"ListItem","position":1,"name":"Portada","item":"https:\/\/regala.massola.com\/ca\/"},{"@type":"ListItem","position":2,"name":"Shop","item":"https:\/\/regala.massola.com\/ca\/shop\/"},{"@type":"ListItem","position":3,"name":"Mas Sol\u00e0 Day"}]},{"@type":"WebSite","@id":"https:\/\/regala.massola.com\/#website","url":"https:\/\/regala.massola.com\/","name":"Regala Mas Sol\u00e0","description":"Regala una de nuestras experiencias","potentialAction":[{"@type":"SearchAction","target":{"@type":"EntryPoint","urlTemplate":"https:\/\/regala.massola.com\/?s={search_term_string}"},"query-input":{"@type":"PropertyValueSpecification","valueRequired":true,"valueName":"search_term_string"}}],"inLanguage":"ca"}]}},"_links":{"self":[{"href":"https:\/\/regala.massola.com\/ca\/wp-json\/wp\/v2\/product\/4259","targetHints":{"allow":["GET"]}}],"collection":[{"href":"https:\/\/regala.massola.com\/ca\/wp-json\/wp\/v2\/product"}],"about":[{"href":"https:\/\/regala.massola.com\/ca\/wp-json\/wp\/v2\/types\/product"}],"replies":[{"embeddable":true,"href":"https:\/\/regala.massola.com\/ca\/wp-json\/wp\/v2\/comments?post=4259"}],"wp:featuredmedia":[{"embeddable":true,"href":"https:\/\/regala.massola.com\/ca\/wp-json\/wp\/v2\/media\/4261"}],"wp:attachment":[{"href":"https:\/\/regala.massola.com\/ca\/wp-json\/wp\/v2\/media?parent=4259"}],"wp:term":[{"taxonomy":"product_cat","embeddable":true,"href":"https:\/\/regala.massola.com\/ca\/wp-json\/wp\/v2\/product_cat?post=4259"},{"taxonomy":"product_tag","embeddable":true,"href":"https:\/\/regala.massola.com\/ca\/wp-json\/wp\/v2\/product_tag?post=4259"}],"curies":[{"name":"wp","href":"https:\/\/api.w.org\/{rel}","templated":true}]}}