{"id":3089,"date":"2021-06-01T12:49:09","date_gmt":"2021-06-01T10:49:09","guid":{"rendered":"https:\/\/regala.massola.com\/producto\/escapada-gourmet-relax-sport\/"},"modified":"2025-11-10T17:45:59","modified_gmt":"2025-11-10T15:45:59","slug":"escapada-gourmet-relax-sport","status":"publish","type":"product","link":"https:\/\/regala.massola.com\/ca\/producto\/escapada-gourmet-relax-sport\/","title":{"rendered":"Escapada gourmet, relax &#038; sport"},"content":{"rendered":"","protected":false},"excerpt":{"rendered":"<p class=\"miniDescripcio\">2 persones<\/p>\n<div class=\"descLarga\">\n<ul class=\"list-unstyled\">\n<li>Allotjament a habitaci\u00f3 doble amb vistes.<\/li>\n<li>Esmorzar de bufet.<\/li>\n<li>Activitat: 1 hora de pista de tennis de cortesia.<\/li>\n<li>Men\u00fa Farners al nostre restaurant masia (inclou aigua i vi de la casa).<\/li>\n<li>Acc\u00e9s a l&#8217;Spa-Circuit Hidrotermal durant 60m.<\/li>\n<li>Late Check Out a les 15:00 hrs. segons disponibilitat.<\/li>\n<\/ul>\n<\/div>\n","protected":false},"featured_media":2988,"comment_status":"open","ping_status":"closed","template":"","meta":[],"product_cat":[48,69],"product_tag":[],"class_list":["post-3089","product","type-product","status-publish","has-post-thumbnail","hentry","product_cat-experiencies-completes","product_cat-inclou-allotjament"],"yoast_head":"<!-- This site is optimized with the Yoast SEO plugin v24.9 - https:\/\/yoast.com\/wordpress\/plugins\/seo\/ -->\n<title>Escapada gourmet, relax &amp; sport - Regala Mas Sol\u00e0<\/title>\n<meta name=\"robots\" content=\"index, follow, max-snippet:-1, max-image-preview:large, max-video-preview:-1\" \/>\n<link rel=\"canonical\" href=\"https:\/\/regala.massola.com\/ca\/producto\/escapada-gourmet-relax-sport\/\" \/>\n<meta property=\"og:locale\" content=\"ca_ES\" \/>\n<meta property=\"og:type\" content=\"article\" \/>\n<meta property=\"og:title\" content=\"Escapada gourmet, relax &amp; sport - Regala Mas Sol\u00e0\" \/>\n<meta property=\"og:description\" content=\"2 persones      Allotjament a habitaci\u00f3 doble amb vistes.  Esmorzar de bufet.  Activitat: 1 hora de pista de tennis de cortesia.  Men\u00fa Farners al nostre restaurant masia (inclou aigua i vi de la casa).  Acc\u00e9s a l&#039;Spa-Circuit Hidrotermal durant 60m.  Late Check Out a les 15:00 hrs. segons disponibilitat.\" \/>\n<meta property=\"og:url\" content=\"https:\/\/regala.massola.com\/ca\/producto\/escapada-gourmet-relax-sport\/\" \/>\n<meta property=\"og:site_name\" content=\"Regala Mas Sol\u00e0\" \/>\n<meta property=\"article:modified_time\" content=\"2025-11-10T15:45:59+00:00\" \/>\n<meta property=\"og:image\" content=\"https:\/\/regala.massola.com\/wp-content\/uploads\/2021\/06\/xhotel-mas-sola-escapada-gourmet.thigh_.jpg.pagespeed.ic_.OMT1l37gJ2.jpg\" \/>\n\t<meta property=\"og:image:width\" content=\"800\" \/>\n\t<meta property=\"og:image:height\" content=\"552\" \/>\n\t<meta property=\"og:image:type\" content=\"image\/jpeg\" \/>\n<meta name=\"twitter:card\" content=\"summary_large_image\" \/>\n<meta name=\"twitter:label1\" content=\"Temps estimat de lectura\" \/>\n\t<meta name=\"twitter:data1\" content=\"1 minut\" \/>\n<script type=\"application\/ld+json\" class=\"yoast-schema-graph\">{\"@context\":\"https:\/\/schema.org\",\"@graph\":[{\"@type\":\"WebPage\",\"@id\":\"https:\/\/regala.massola.com\/ca\/producto\/escapada-gourmet-relax-sport\/\",\"url\":\"https:\/\/regala.massola.com\/ca\/producto\/escapada-gourmet-relax-sport\/\",\"name\":\"Escapada gourmet, relax & sport - Regala Mas Sol\u00e0\",\"isPartOf\":{\"@id\":\"https:\/\/regala.massola.com\/#website\"},\"primaryImageOfPage\":{\"@id\":\"https:\/\/regala.massola.com\/ca\/producto\/escapada-gourmet-relax-sport\/#primaryimage\"},\"image\":{\"@id\":\"https:\/\/regala.massola.com\/ca\/producto\/escapada-gourmet-relax-sport\/#primaryimage\"},\"thumbnailUrl\":\"https:\/\/regala.massola.com\/wp-content\/uploads\/2021\/06\/xhotel-mas-sola-escapada-gourmet.thigh_.jpg.pagespeed.ic_.OMT1l37gJ2.jpg\",\"datePublished\":\"2021-06-01T10:49:09+00:00\",\"dateModified\":\"2025-11-10T15:45:59+00:00\",\"breadcrumb\":{\"@id\":\"https:\/\/regala.massola.com\/ca\/producto\/escapada-gourmet-relax-sport\/#breadcrumb\"},\"inLanguage\":\"ca\",\"potentialAction\":[{\"@type\":\"ReadAction\",\"target\":[\"https:\/\/regala.massola.com\/ca\/producto\/escapada-gourmet-relax-sport\/\"]}]},{\"@type\":\"ImageObject\",\"inLanguage\":\"ca\",\"@id\":\"https:\/\/regala.massola.com\/ca\/producto\/escapada-gourmet-relax-sport\/#primaryimage\",\"url\":\"https:\/\/regala.massola.com\/wp-content\/uploads\/2021\/06\/xhotel-mas-sola-escapada-gourmet.thigh_.jpg.pagespeed.ic_.OMT1l37gJ2.jpg\",\"contentUrl\":\"https:\/\/regala.massola.com\/wp-content\/uploads\/2021\/06\/xhotel-mas-sola-escapada-gourmet.thigh_.jpg.pagespeed.ic_.OMT1l37gJ2.jpg\",\"width\":800,\"height\":552},{\"@type\":\"BreadcrumbList\",\"@id\":\"https:\/\/regala.massola.com\/ca\/producto\/escapada-gourmet-relax-sport\/#breadcrumb\",\"itemListElement\":[{\"@type\":\"ListItem\",\"position\":1,\"name\":\"Portada\",\"item\":\"https:\/\/regala.massola.com\/ca\/\"},{\"@type\":\"ListItem\",\"position\":2,\"name\":\"Shop\",\"item\":\"https:\/\/regala.massola.com\/ca\/shop\/\"},{\"@type\":\"ListItem\",\"position\":3,\"name\":\"Escapada gourmet, relax &#038; sport\"}]},{\"@type\":\"WebSite\",\"@id\":\"https:\/\/regala.massola.com\/#website\",\"url\":\"https:\/\/regala.massola.com\/\",\"name\":\"Regala Mas Sol\u00e0\",\"description\":\"Regala una de nuestras experiencias\",\"potentialAction\":[{\"@type\":\"SearchAction\",\"target\":{\"@type\":\"EntryPoint\",\"urlTemplate\":\"https:\/\/regala.massola.com\/?s={search_term_string}\"},\"query-input\":{\"@type\":\"PropertyValueSpecification\",\"valueRequired\":true,\"valueName\":\"search_term_string\"}}],\"inLanguage\":\"ca\"}]}<\/script>\n<!-- \/ Yoast SEO plugin. -->","yoast_head_json":{"title":"Escapada gourmet, relax & sport - Regala Mas Sol\u00e0","robots":{"index":"index","follow":"follow","max-snippet":"max-snippet:-1","max-image-preview":"max-image-preview:large","max-video-preview":"max-video-preview:-1"},"canonical":"https:\/\/regala.massola.com\/ca\/producto\/escapada-gourmet-relax-sport\/","og_locale":"ca_ES","og_type":"article","og_title":"Escapada gourmet, relax & sport - Regala Mas Sol\u00e0","og_description":"2 persones      Allotjament a habitaci\u00f3 doble amb vistes.  Esmorzar de bufet.  Activitat: 1 hora de pista de tennis de cortesia.  Men\u00fa Farners al nostre restaurant masia (inclou aigua i vi de la casa).  Acc\u00e9s a l'Spa-Circuit Hidrotermal durant 60m.  Late Check Out a les 15:00 hrs. segons disponibilitat.","og_url":"https:\/\/regala.massola.com\/ca\/producto\/escapada-gourmet-relax-sport\/","og_site_name":"Regala Mas Sol\u00e0","article_modified_time":"2025-11-10T15:45:59+00:00","og_image":[{"width":800,"height":552,"url":"https:\/\/regala.massola.com\/wp-content\/uploads\/2021\/06\/xhotel-mas-sola-escapada-gourmet.thigh_.jpg.pagespeed.ic_.OMT1l37gJ2.jpg","type":"image\/jpeg"}],"twitter_card":"summary_large_image","twitter_misc":{"Temps estimat de lectura":"1 minut"},"schema":{"@context":"https:\/\/schema.org","@graph":[{"@type":"WebPage","@id":"https:\/\/regala.massola.com\/ca\/producto\/escapada-gourmet-relax-sport\/","url":"https:\/\/regala.massola.com\/ca\/producto\/escapada-gourmet-relax-sport\/","name":"Escapada gourmet, relax & sport - Regala Mas Sol\u00e0","isPartOf":{"@id":"https:\/\/regala.massola.com\/#website"},"primaryImageOfPage":{"@id":"https:\/\/regala.massola.com\/ca\/producto\/escapada-gourmet-relax-sport\/#primaryimage"},"image":{"@id":"https:\/\/regala.massola.com\/ca\/producto\/escapada-gourmet-relax-sport\/#primaryimage"},"thumbnailUrl":"https:\/\/regala.massola.com\/wp-content\/uploads\/2021\/06\/xhotel-mas-sola-escapada-gourmet.thigh_.jpg.pagespeed.ic_.OMT1l37gJ2.jpg","datePublished":"2021-06-01T10:49:09+00:00","dateModified":"2025-11-10T15:45:59+00:00","breadcrumb":{"@id":"https:\/\/regala.massola.com\/ca\/producto\/escapada-gourmet-relax-sport\/#breadcrumb"},"inLanguage":"ca","potentialAction":[{"@type":"ReadAction","target":["https:\/\/regala.massola.com\/ca\/producto\/escapada-gourmet-relax-sport\/"]}]},{"@type":"ImageObject","inLanguage":"ca","@id":"https:\/\/regala.massola.com\/ca\/producto\/escapada-gourmet-relax-sport\/#primaryimage","url":"https:\/\/regala.massola.com\/wp-content\/uploads\/2021\/06\/xhotel-mas-sola-escapada-gourmet.thigh_.jpg.pagespeed.ic_.OMT1l37gJ2.jpg","contentUrl":"https:\/\/regala.massola.com\/wp-content\/uploads\/2021\/06\/xhotel-mas-sola-escapada-gourmet.thigh_.jpg.pagespeed.ic_.OMT1l37gJ2.jpg","width":800,"height":552},{"@type":"BreadcrumbList","@id":"https:\/\/regala.massola.com\/ca\/producto\/escapada-gourmet-relax-sport\/#breadcrumb","itemListElement":[{"@type":"ListItem","position":1,"name":"Portada","item":"https:\/\/regala.massola.com\/ca\/"},{"@type":"ListItem","position":2,"name":"Shop","item":"https:\/\/regala.massola.com\/ca\/shop\/"},{"@type":"ListItem","position":3,"name":"Escapada gourmet, relax &#038; sport"}]},{"@type":"WebSite","@id":"https:\/\/regala.massola.com\/#website","url":"https:\/\/regala.massola.com\/","name":"Regala Mas Sol\u00e0","description":"Regala una de nuestras experiencias","potentialAction":[{"@type":"SearchAction","target":{"@type":"EntryPoint","urlTemplate":"https:\/\/regala.massola.com\/?s={search_term_string}"},"query-input":{"@type":"PropertyValueSpecification","valueRequired":true,"valueName":"search_term_string"}}],"inLanguage":"ca"}]}},"_links":{"self":[{"href":"https:\/\/regala.massola.com\/ca\/wp-json\/wp\/v2\/product\/3089","targetHints":{"allow":["GET"]}}],"collection":[{"href":"https:\/\/regala.massola.com\/ca\/wp-json\/wp\/v2\/product"}],"about":[{"href":"https:\/\/regala.massola.com\/ca\/wp-json\/wp\/v2\/types\/product"}],"replies":[{"embeddable":true,"href":"https:\/\/regala.massola.com\/ca\/wp-json\/wp\/v2\/comments?post=3089"}],"wp:featuredmedia":[{"embeddable":true,"href":"https:\/\/regala.massola.com\/ca\/wp-json\/wp\/v2\/media\/2988"}],"wp:attachment":[{"href":"https:\/\/regala.massola.com\/ca\/wp-json\/wp\/v2\/media?parent=3089"}],"wp:term":[{"taxonomy":"product_cat","embeddable":true,"href":"https:\/\/regala.massola.com\/ca\/wp-json\/wp\/v2\/product_cat?post=3089"},{"taxonomy":"product_tag","embeddable":true,"href":"https:\/\/regala.massola.com\/ca\/wp-json\/wp\/v2\/product_tag?post=3089"}],"curies":[{"name":"wp","href":"https:\/\/api.w.org\/{rel}","templated":true}]}}